{"id":534,"date":"2025-06-04T12:41:32","date_gmt":"2025-06-04T10:41:32","guid":{"rendered":"https:\/\/agfeditore.store\/prodotto\/rifiuti-sanitari\/"},"modified":"2025-09-08T15:49:43","modified_gmt":"2025-09-08T13:49:43","slug":"rifiuti-sanitari","status":"publish","type":"product","link":"https:\/\/agfeditore.store\/?product=rifiuti-sanitari","title":{"rendered":"RIFIUTI SANITARI"},"content":{"rendered":"","protected":false},"excerpt":{"rendered":"<p><strong>Ottimizzazione e gestione.<\/strong><\/p>\n<p>Il testo approfondisce le procedure per una corretta gestione dei rifiuti sanitari, dalla classificazione ai codici CER, con particolare attenzione alla sicurezza, alla conformit\u00e0 normativa e alla sostenibilit\u00e0. Include tecnologie innovative per il trattamento, tracciabilit\u00e0 dei percorsi di smaltimento e strategie di minimizzazione, garantendo efficienza operativa e riduzione dei rischi biologici, chimici e fisici.<\/p>\n","protected":false},"featured_media":773,"comment_status":"open","ping_status":"closed","template":"","meta":{"site-sidebar-layout":"default","site-content-layout":"","ast-site-content-layout":"default","site-content-style":"default","site-sidebar-style":"default","ast-global-header-display":"","ast-banner-title-visibility":"","ast-main-header-display":"","ast-hfb-above-header-display":"","ast-hfb-below-header-display":"","ast-hfb-mobile-header-display":"","site-post-title":"","ast-breadcrumbs-content":"","ast-featured-img":"","footer-sml-layout":"","ast-disable-related-posts":"","theme-transparent-header-meta":"default","adv-header-id-meta":"","stick-header-meta":"","header-above-stick-meta":"","header-main-stick-meta":"","header-below-stick-meta":"","astra-migrate-meta-layouts":"set","ast-page-background-enabled":"default","ast-page-background-meta":{"desktop":{"background-color":"var(--ast-global-color-5)","background-image":"","background-repeat":"repeat","background-position":"center center","background-size":"auto","background-attachment":"scroll","background-type":"","background-media":"","overlay-type":"","overlay-color":"","overlay-opacity":"","overlay-gradient":""},"tablet":{"background-color":"","background-image":"","background-repeat":"repeat","background-position":"center center","background-size":"auto","background-attachment":"scroll","background-type":"","background-media":"","overlay-type":"","overlay-color":"","overlay-opacity":"","overlay-gradient":""},"mobile":{"background-color":"","background-image":"","background-repeat":"repeat","background-position":"center center","background-size":"auto","background-attachment":"scroll","background-type":"","background-media":"","overlay-type":"","overlay-color":"","overlay-opacity":"","overlay-gradient":""}},"ast-content-background-meta":{"desktop":{"background-color":"var(--ast-global-color-4)","background-image":"","background-repeat":"repeat","background-position":"center center","background-size":"auto","background-attachment":"scroll","background-type":"","background-media":"","overlay-type":"","overlay-color":"","overlay-opacity":"","overlay-gradient":""},"tablet":{"background-color":"var(--ast-global-color-4)","background-image":"","background-repeat":"repeat","background-position":"center center","background-size":"auto","background-attachment":"scroll","background-type":"","background-media":"","overlay-type":"","overlay-color":"","overlay-opacity":"","overlay-gradient":""},"mobile":{"background-color":"var(--ast-global-color-4)","background-image":"","background-repeat":"repeat","background-position":"center center","background-size":"auto","background-attachment":"scroll","background-type":"","background-media":"","overlay-type":"","overlay-color":"","overlay-opacity":"","overlay-gradient":""}}},"product_brand":[],"product_cat":[35,39],"product_tag":[46,55,59,60,62,63,64,65,66,68,70,71],"class_list":{"0":"post-534","1":"product","2":"type-product","3":"status-publish","4":"has-post-thumbnail","6":"product_cat-salute","7":"product_cat-tutela-ambiente","8":"product_tag-ambientale","9":"product_tag-formazione","10":"product_tag-norme-europee","11":"product_tag-norme-vigenti","12":"product_tag-prevenzione","13":"product_tag-procedure","14":"product_tag-rischi","15":"product_tag-sanita","16":"product_tag-sanzioni","17":"product_tag-stoccaggio","18":"product_tag-ultimo-aggiornamento","19":"product_tag-vigilanza","20":"pa_autore-perri-roberto","21":"desktop-align-left","22":"tablet-align-left","23":"mobile-align-left","25":"first","26":"instock","27":"taxable","28":"shipping-taxable","29":"purchasable","30":"product-type-simple"},"_links":{"self":[{"href":"https:\/\/agfeditore.store\/index.php?rest_route=\/wp\/v2\/product\/534","targetHints":{"allow":["GET"]}}],"collection":[{"href":"https:\/\/agfeditore.store\/index.php?rest_route=\/wp\/v2\/product"}],"about":[{"href":"https:\/\/agfeditore.store\/index.php?rest_route=\/wp\/v2\/types\/product"}],"replies":[{"embeddable":true,"href":"https:\/\/agfeditore.store\/index.php?rest_route=%2Fwp%2Fv2%2Fcomments&post=534"}],"version-history":[{"count":4,"href":"https:\/\/agfeditore.store\/index.php?rest_route=\/wp\/v2\/product\/534\/revisions"}],"predecessor-version":[{"id":1327,"href":"https:\/\/agfeditore.store\/index.php?rest_route=\/wp\/v2\/product\/534\/revisions\/1327"}],"wp:featuredmedia":[{"embeddable":true,"href":"https:\/\/agfeditore.store\/index.php?rest_route=\/wp\/v2\/media\/773"}],"wp:attachment":[{"href":"https:\/\/agfeditore.store\/index.php?rest_route=%2Fwp%2Fv2%2Fmedia&parent=534"}],"wp:term":[{"taxonomy":"product_brand","embeddable":true,"href":"https:\/\/agfeditore.store\/index.php?rest_route=%2Fwp%2Fv2%2Fproduct_brand&post=534"},{"taxonomy":"product_cat","embeddable":true,"href":"https:\/\/agfeditore.store\/index.php?rest_route=%2Fwp%2Fv2%2Fproduct_cat&post=534"},{"taxonomy":"product_tag","embeddable":true,"href":"https:\/\/agfeditore.store\/index.php?rest_route=%2Fwp%2Fv2%2Fproduct_tag&post=534"}],"curies":[{"name":"wp","href":"https:\/\/api.w.org\/{rel}","templated":true}]}}