{"id":535,"date":"2025-06-04T12:41:32","date_gmt":"2025-06-04T10:41:32","guid":{"rendered":"https:\/\/agfeditore.store\/prodotto\/dispositivi-di-protezione-individuale\/"},"modified":"2025-09-04T17:37:09","modified_gmt":"2025-09-04T15:37:09","slug":"dispositivi-di-protezione-individuale","status":"publish","type":"product","link":"https:\/\/agfeditore.store\/?product=dispositivi-di-protezione-individuale","title":{"rendered":"DISPOSITIVI DI PROTEZIONE INDIVIDUALE"},"content":{"rendered":"","protected":false},"excerpt":{"rendered":"<p>I <strong>DPI<\/strong> sono essenziali per la sicurezza sul lavoro. Offrono protezione contro rischi fisici, chimici e biologici. Dai guanti ai caschi, dalle mascherine ai tappi antirumore, ogni dispositivo \u00e8 progettato per rispondere a specifici pericoli, garantendo comfort, efficienza e conformit\u00e0 alle normative. Ideali per edilizia, sanit\u00e0 e industria chimica.<\/p>\n","protected":false},"featured_media":774,"comment_status":"open","ping_status":"closed","template":"","meta":{"site-sidebar-layout":"default","site-content-layout":"","ast-site-content-layout":"default","site-content-style":"default","site-sidebar-style":"default","ast-global-header-display":"","ast-banner-title-visibility":"","ast-main-header-display":"","ast-hfb-above-header-display":"","ast-hfb-below-header-display":"","ast-hfb-mobile-header-display":"","site-post-title":"","ast-breadcrumbs-content":"","ast-featured-img":"","footer-sml-layout":"","ast-disable-related-posts":"","theme-transparent-header-meta":"default","adv-header-id-meta":"","stick-header-meta":"","header-above-stick-meta":"","header-main-stick-meta":"","header-below-stick-meta":"","astra-migrate-meta-layouts":"set","ast-page-background-enabled":"default","ast-page-background-meta":{"desktop":{"background-color":"var(--ast-global-color-5)","background-image":"","background-repeat":"repeat","background-position":"center center","background-size":"auto","background-attachment":"scroll","background-type":"","background-media":"","overlay-type":"","overlay-color":"","overlay-opacity":"","overlay-gradient":""},"tablet":{"background-color":"","background-image":"","background-repeat":"repeat","background-position":"center center","background-size":"auto","background-attachment":"scroll","background-type":"","background-media":"","overlay-type":"","overlay-color":"","overlay-opacity":"","overlay-gradient":""},"mobile":{"background-color":"","background-image":"","background-repeat":"repeat","background-position":"center center","background-size":"auto","background-attachment":"scroll","background-type":"","background-media":"","overlay-type":"","overlay-color":"","overlay-opacity":"","overlay-gradient":""}},"ast-content-background-meta":{"desktop":{"background-color":"var(--ast-global-color-4)","background-image":"","background-repeat":"repeat","background-position":"center center","background-size":"auto","background-attachment":"scroll","background-type":"","background-media":"","overlay-type":"","overlay-color":"","overlay-opacity":"","overlay-gradient":""},"tablet":{"background-color":"var(--ast-global-color-4)","background-image":"","background-repeat":"repeat","background-position":"center center","background-size":"auto","background-attachment":"scroll","background-type":"","background-media":"","overlay-type":"","overlay-color":"","overlay-opacity":"","overlay-gradient":""},"mobile":{"background-color":"var(--ast-global-color-4)","background-image":"","background-repeat":"repeat","background-position":"center center","background-size":"auto","background-attachment":"scroll","background-type":"","background-media":"","overlay-type":"","overlay-color":"","overlay-opacity":"","overlay-gradient":""}}},"product_brand":[],"product_cat":[36],"product_tag":[49,53,57,60,62,63,64,67,69,70],"class_list":{"0":"post-535","1":"product","2":"type-product","3":"status-publish","4":"has-post-thumbnail","6":"product_cat-sicurezza-sul-lavoro","7":"product_tag-d-lgs-81-08-e-s-m-i","8":"product_tag-dpi","9":"product_tag-illustrazioni","10":"product_tag-norme-vigenti","11":"product_tag-prevenzione","12":"product_tag-procedure","13":"product_tag-rischi","14":"product_tag-segnaletica","15":"product_tag-testo-unico","16":"product_tag-ultimo-aggiornamento","17":"pa_autore-castaniere-nerea","18":"desktop-align-left","19":"tablet-align-left","20":"mobile-align-left","22":"first","23":"instock","24":"taxable","25":"shipping-taxable","26":"purchasable","27":"product-type-simple"},"_links":{"self":[{"href":"https:\/\/agfeditore.store\/index.php?rest_route=\/wp\/v2\/product\/535","targetHints":{"allow":["GET"]}}],"collection":[{"href":"https:\/\/agfeditore.store\/index.php?rest_route=\/wp\/v2\/product"}],"about":[{"href":"https:\/\/agfeditore.store\/index.php?rest_route=\/wp\/v2\/types\/product"}],"replies":[{"embeddable":true,"href":"https:\/\/agfeditore.store\/index.php?rest_route=%2Fwp%2Fv2%2Fcomments&post=535"}],"version-history":[{"count":4,"href":"https:\/\/agfeditore.store\/index.php?rest_route=\/wp\/v2\/product\/535\/revisions"}],"predecessor-version":[{"id":1199,"href":"https:\/\/agfeditore.store\/index.php?rest_route=\/wp\/v2\/product\/535\/revisions\/1199"}],"wp:featuredmedia":[{"embeddable":true,"href":"https:\/\/agfeditore.store\/index.php?rest_route=\/wp\/v2\/media\/774"}],"wp:attachment":[{"href":"https:\/\/agfeditore.store\/index.php?rest_route=%2Fwp%2Fv2%2Fmedia&parent=535"}],"wp:term":[{"taxonomy":"product_brand","embeddable":true,"href":"https:\/\/agfeditore.store\/index.php?rest_route=%2Fwp%2Fv2%2Fproduct_brand&post=535"},{"taxonomy":"product_cat","embeddable":true,"href":"https:\/\/agfeditore.store\/index.php?rest_route=%2Fwp%2Fv2%2Fproduct_cat&post=535"},{"taxonomy":"product_tag","embeddable":true,"href":"https:\/\/agfeditore.store\/index.php?rest_route=%2Fwp%2Fv2%2Fproduct_tag&post=535"}],"curies":[{"name":"wp","href":"https:\/\/api.w.org\/{rel}","templated":true}]}}